{"id":8487,"date":"2019-06-10T19:05:34","date_gmt":"2019-06-10T19:05:34","guid":{"rendered":"https:\/\/saudevirtual.pt\/aprendersaude\/?post_type=product&#038;p=8487"},"modified":"2023-07-22T18:48:23","modified_gmt":"2023-07-22T18:48:23","slug":"anemie-et-carence-martiale-chez-la-femme","status":"publish","type":"product","link":"https:\/\/saudevirtual.pt\/aprendersaude\/product\/anemie-et-carence-martiale-chez-la-femme\/","title":{"rendered":"Anemie et Anemie Ferriprive Chez la Femme"},"content":{"rendered":"<p>Le cours &#8220;An\u00e9mie et carence martiale chez les femmes&#8221; aborde l&#8217;une des situations cliniques les plus fr\u00e9quentes chez les femmes, qu&#8217;elles soient fertiles ou m\u00e9nopaus\u00e9es.<\/p>\n<p>En plus d&#8217;\u00eatre sous-diagnostiqu\u00e9s, l&#8217;an\u00e9mie et la carence en fer sont sous-\u00e9valu\u00e9es et donc non trait\u00e9es.<\/p>\n<p>Au Portugal, la pr\u00e9valence de l&#8217;an\u00e9mie et des carences en fer chez les femmes enceintes est bien sup\u00e9rieure \u00e0 la moyenne des autres pays europ\u00e9ens, avec des valeurs de pr\u00e9valence similaires \u00e0 celles des pays sous-d\u00e9velopp\u00e9s d&#8217;Afrique, d&#8217;Asie du Sud-Est et d&#8217;Asie de l&#8217;Est.<\/p>\n<p>L&#8217;an\u00e9mie et la carence martiale chez les femmes constituent un probl\u00e8me de sant\u00e9 publique.<\/p>\n","protected":false},"excerpt":{"rendered":"<p>Le cours &#8220;An\u00e9mie et carence martiale chez les femmes&#8221; aborde l&#8217;une des situations cliniques les plus fr\u00e9quentes chez les femmes, qu&#8217;elles soient fertiles ou m\u00e9nopaus\u00e9es.<\/p>\n<p>En plus d&#8217;\u00eatre sous-diagnostiqu\u00e9s, l&#8217;an\u00e9mie et la carence en fer sont sous-\u00e9valu\u00e9es et donc non trait\u00e9es.<\/p>\n<p>Au Portugal, la pr\u00e9valence de l&#8217;an\u00e9mie et des carences en fer chez les femmes enceintes est bien sup\u00e9rieure \u00e0 la moyenne des autres pays europ\u00e9ens, avec des valeurs de pr\u00e9valence similaires \u00e0 celles des pays sous-d\u00e9velopp\u00e9s d&#8217;Afrique, d&#8217;Asie du Sud-Est et d&#8217;Asie de l&#8217;Est.<\/p>\n<p>L&#8217;an\u00e9mie et la carence martiale chez les femmes constituent un probl\u00e8me de sant\u00e9 publique.<\/p>\n","protected":false},"featured_media":0,"comment_status":"open","ping_status":"closed","template":"","meta":{"site-sidebar-layout":"default","site-content-layout":"default","ast-site-content-layout":"default","site-content-style":"default","site-sidebar-style":"default","ast-global-header-display":"","ast-banner-title-visibility":"","ast-main-header-display":"","ast-hfb-above-header-display":"","ast-hfb-below-header-display":"","ast-hfb-mobile-header-display":"","site-post-title":"","ast-breadcrumbs-content":"","ast-featured-img":"","footer-sml-layout":"","ast-disable-related-posts":"","theme-transparent-header-meta":"default","adv-header-id-meta":"","stick-header-meta":"","header-above-stick-meta":"","header-main-stick-meta":"","header-below-stick-meta":"","astra-migrate-meta-layouts":"default","ast-page-background-enabled":"default","ast-page-background-meta":{"desktop":{"background-color":"var(--ast-global-color-4)","background-image":"","background-repeat":"repeat","background-position":"center center","background-size":"auto","background-attachment":"scroll","background-type":"","background-media":"","overlay-type":"","overlay-color":"","overlay-opacity":"","overlay-gradient":""},"tablet":{"background-color":"","background-image":"","background-repeat":"repeat","background-position":"center center","background-size":"auto","background-attachment":"scroll","background-type":"","background-media":"","overlay-type":"","overlay-color":"","overlay-opacity":"","overlay-gradient":""},"mobile":{"background-color":"","background-image":"","background-repeat":"repeat","background-position":"center center","background-size":"auto","background-attachment":"scroll","background-type":"","background-media":"","overlay-type":"","overlay-color":"","overlay-opacity":"","overlay-gradient":""}},"ast-content-background-meta":{"desktop":{"background-color":"var(--ast-global-color-5)","background-image":"","background-repeat":"repeat","background-position":"center center","background-size":"auto","background-attachment":"scroll","background-type":"","background-media":"","overlay-type":"","overlay-color":"","overlay-opacity":"","overlay-gradient":""},"tablet":{"background-color":"var(--ast-global-color-5)","background-image":"","background-repeat":"repeat","background-position":"center center","background-size":"auto","background-attachment":"scroll","background-type":"","background-media":"","overlay-type":"","overlay-color":"","overlay-opacity":"","overlay-gradient":""},"mobile":{"background-color":"var(--ast-global-color-5)","background-image":"","background-repeat":"repeat","background-position":"center center","background-size":"auto","background-attachment":"scroll","background-type":"","background-media":"","overlay-type":"","overlay-color":"","overlay-opacity":"","overlay-gradient":""}}},"product_brand":[],"product_cat":[34],"product_tag":[49,43,35,36,50],"class_list":{"0":"post-8487","1":"product","2":"type-product","3":"status-publish","5":"product_cat-basic","6":"product_tag-anemie","7":"product_tag-gin-obs","8":"product_tag-hematologia","9":"product_tag-imunohemoterapia","10":"product_tag-mgf","11":"desktop-align-left","12":"tablet-align-left","13":"mobile-align-left","15":"first","16":"instock","17":"virtual","18":"sold-individually","19":"taxable","20":"purchasable","21":"product-type-simple"},"_links":{"self":[{"href":"https:\/\/saudevirtual.pt\/aprendersaude\/wp-json\/wp\/v2\/product\/8487","targetHints":{"allow":["GET"]}}],"collection":[{"href":"https:\/\/saudevirtual.pt\/aprendersaude\/wp-json\/wp\/v2\/product"}],"about":[{"href":"https:\/\/saudevirtual.pt\/aprendersaude\/wp-json\/wp\/v2\/types\/product"}],"replies":[{"embeddable":true,"href":"https:\/\/saudevirtual.pt\/aprendersaude\/wp-json\/wp\/v2\/comments?post=8487"}],"wp:attachment":[{"href":"https:\/\/saudevirtual.pt\/aprendersaude\/wp-json\/wp\/v2\/media?parent=8487"}],"wp:term":[{"taxonomy":"product_brand","embeddable":true,"href":"https:\/\/saudevirtual.pt\/aprendersaude\/wp-json\/wp\/v2\/product_brand?post=8487"},{"taxonomy":"product_cat","embeddable":true,"href":"https:\/\/saudevirtual.pt\/aprendersaude\/wp-json\/wp\/v2\/product_cat?post=8487"},{"taxonomy":"product_tag","embeddable":true,"href":"https:\/\/saudevirtual.pt\/aprendersaude\/wp-json\/wp\/v2\/product_tag?post=8487"}],"curies":[{"name":"wp","href":"https:\/\/api.w.org\/{rel}","templated":true}]}}