{"id":5609,"date":"2017-06-30T13:51:36","date_gmt":"2017-06-30T13:51:36","guid":{"rendered":"https:\/\/saudevirtual.pt\/aprendersaude\/?post_type=product&#038;p=5609"},"modified":"2023-07-27T08:22:39","modified_gmt":"2023-07-27T08:22:39","slug":"elementos-marketing-da-farmacia","status":"publish","type":"product","link":"https:\/\/saudevirtual.pt\/aprendersaude\/product\/elementos-marketing-da-farmacia\/","title":{"rendered":"Elementos de Marketing da Farm\u00e1cia"},"content":{"rendered":"<p style=\"text-align: justify;\">Muito se fala sobre o Marketing hoje em dia e, por vezes, parece que qualquer pessoa \u00e9 um marketeer\u2026 Mas quando tentamos definir o que \u00e9 o Marketing ou, mais desafiante ainda, quando precisamos de implementar a gest\u00e3o de marketing na realidade do nosso neg\u00f3cio, come\u00e7amos a ter d\u00favidas e hesita\u00e7\u00f5es e muitas vezes n\u00e3o sabemos por onde come\u00e7ar.<\/p>\n<p style=\"text-align: justify;\">Este curso vai gui\u00e1-lo pelos v\u00e1rios elementos do marketing da farm\u00e1cia comunit\u00e1ria, contribuindo para um melhor conhecimento da sua realidade e apoiando as suas tomadas de decis\u00e3o (de marketing) adequadas \u00e0 sua farm\u00e1cia e ao seu mercado.<\/p>\n","protected":false},"excerpt":{"rendered":"<p style=\"text-align: justify;\">Muito se fala sobre o Marketing hoje em dia e, por vezes, parece que qualquer pessoa \u00e9 um marketeer\u2026 Mas quando tentamos definir o que \u00e9 o Marketing ou, mais desafiante ainda, quando precisamos de implementar a gest\u00e3o de marketing na realidade do nosso neg\u00f3cio, come\u00e7amos a ter d\u00favidas e hesita\u00e7\u00f5es e muitas vezes n\u00e3o sabemos por onde come\u00e7ar.<\/p>\n<p style=\"text-align: justify;\">Este curso vai gui\u00e1-lo pelos v\u00e1rios elementos do marketing da farm\u00e1cia comunit\u00e1ria, contribuindo para um melhor conhecimento da sua realidade e apoiando as suas tomadas de decis\u00e3o (de marketing) adequadas \u00e0 sua farm\u00e1cia e ao seu mercado.<\/p>\n","protected":false},"featured_media":19135,"comment_status":"open","ping_status":"closed","template":"","meta":{"site-sidebar-layout":"default","site-content-layout":"","ast-site-content-layout":"default","site-content-style":"default","site-sidebar-style":"default","ast-global-header-display":"","ast-banner-title-visibility":"","ast-main-header-display":"","ast-hfb-above-header-display":"","ast-hfb-below-header-display":"","ast-hfb-mobile-header-display":"","site-post-title":"","ast-breadcrumbs-content":"","ast-featured-img":"","footer-sml-layout":"","ast-disable-related-posts":"","theme-transparent-header-meta":"","adv-header-id-meta":"","stick-header-meta":"","header-above-stick-meta":"","header-main-stick-meta":"","header-below-stick-meta":"","astra-migrate-meta-layouts":"default","ast-page-background-enabled":"default","ast-page-background-meta":{"desktop":{"background-color":"var(--ast-global-color-4)","background-image":"","background-repeat":"repeat","background-position":"center center","background-size":"auto","background-attachment":"scroll","background-type":"","background-media":"","overlay-type":"","overlay-color":"","overlay-opacity":"","overlay-gradient":""},"tablet":{"background-color":"","background-image":"","background-repeat":"repeat","background-position":"center center","background-size":"auto","background-attachment":"scroll","background-type":"","background-media":"","overlay-type":"","overlay-color":"","overlay-opacity":"","overlay-gradient":""},"mobile":{"background-color":"","background-image":"","background-repeat":"repeat","background-position":"center center","background-size":"auto","background-attachment":"scroll","background-type":"","background-media":"","overlay-type":"","overlay-color":"","overlay-opacity":"","overlay-gradient":""}},"ast-content-background-meta":{"desktop":{"background-color":"var(--ast-global-color-5)","background-image":"","background-repeat":"repeat","background-position":"center center","background-size":"auto","background-attachment":"scroll","background-type":"","background-media":"","overlay-type":"","overlay-color":"","overlay-opacity":"","overlay-gradient":""},"tablet":{"background-color":"var(--ast-global-color-5)","background-image":"","background-repeat":"repeat","background-position":"center center","background-size":"auto","background-attachment":"scroll","background-type":"","background-media":"","overlay-type":"","overlay-color":"","overlay-opacity":"","overlay-gradient":""},"mobile":{"background-color":"var(--ast-global-color-5)","background-image":"","background-repeat":"repeat","background-position":"center center","background-size":"auto","background-attachment":"scroll","background-type":"","background-media":"","overlay-type":"","overlay-color":"","overlay-opacity":"","overlay-gradient":""}}},"product_brand":[],"product_cat":[34],"product_tag":[37,38,39,40],"class_list":{"0":"post-5609","1":"product","2":"type-product","3":"status-publish","4":"has-post-thumbnail","6":"product_cat-basic","7":"product_tag-gestao","8":"product_tag-marketing","9":"product_tag-produtividade","10":"product_tag-vendas","11":"desktop-align-left","12":"tablet-align-left","13":"mobile-align-left","15":"first","16":"instock","17":"virtual","18":"sold-individually","19":"taxable","20":"purchasable","21":"product-type-simple"},"_links":{"self":[{"href":"https:\/\/saudevirtual.pt\/aprendersaude\/wp-json\/wp\/v2\/product\/5609","targetHints":{"allow":["GET"]}}],"collection":[{"href":"https:\/\/saudevirtual.pt\/aprendersaude\/wp-json\/wp\/v2\/product"}],"about":[{"href":"https:\/\/saudevirtual.pt\/aprendersaude\/wp-json\/wp\/v2\/types\/product"}],"replies":[{"embeddable":true,"href":"https:\/\/saudevirtual.pt\/aprendersaude\/wp-json\/wp\/v2\/comments?post=5609"}],"wp:featuredmedia":[{"embeddable":true,"href":"https:\/\/saudevirtual.pt\/aprendersaude\/wp-json\/wp\/v2\/media\/19135"}],"wp:attachment":[{"href":"https:\/\/saudevirtual.pt\/aprendersaude\/wp-json\/wp\/v2\/media?parent=5609"}],"wp:term":[{"taxonomy":"product_brand","embeddable":true,"href":"https:\/\/saudevirtual.pt\/aprendersaude\/wp-json\/wp\/v2\/product_brand?post=5609"},{"taxonomy":"product_cat","embeddable":true,"href":"https:\/\/saudevirtual.pt\/aprendersaude\/wp-json\/wp\/v2\/product_cat?post=5609"},{"taxonomy":"product_tag","embeddable":true,"href":"https:\/\/saudevirtual.pt\/aprendersaude\/wp-json\/wp\/v2\/product_tag?post=5609"}],"curies":[{"name":"wp","href":"https:\/\/api.w.org\/{rel}","templated":true}]}}