{"id":3634,"date":"2016-11-23T21:22:49","date_gmt":"2016-11-23T21:22:49","guid":{"rendered":"https:\/\/saudevirtual.pt\/aprendersaude\/?post_type=product&#038;p=3634"},"modified":"2023-07-23T09:52:37","modified_gmt":"2023-07-23T09:52:37","slug":"anemia-ferropenia-na-mulher","status":"publish","type":"product","link":"https:\/\/saudevirtual.pt\/aprendersaude\/product\/anemia-ferropenia-na-mulher\/","title":{"rendered":"Anemia na Mulher e na Gr\u00e1vida"},"content":{"rendered":"<p style=\"text-align: justify;\">O curso &#8220;Anemia e Ferrop\u00e9nia na Mulher&#8221; aborda uma das situa\u00e7\u00f5es clinicas mais frequentes na mulher, quer em idade f\u00e9rtil, quer p\u00f3s-menopausa.<\/p>\n<p style=\"text-align: justify;\">Para al\u00e9m de sub-diagn\u00f3sticada a Anemia e a Ferrop\u00e9nia, s\u00e3o sub-valorizadas e consequentemente n\u00e3o tratadas.<\/p>\n<p style=\"text-align: justify;\">Portugal apresenta uma preval\u00eancia da Anemia e da Ferrop\u00e9nia na mulher gr\u00e1vida muito superior \u00e1 m\u00e9dia dos outros pa\u00edses europeus, tendo valores de preval\u00eancia id\u00eanticos aos pa\u00edses subdesenvolvidos em \u00c1frica, sudueste Asi\u00e1tico e Mediterr\u00e2neo Oriental.<\/p>\n<p style=\"text-align: justify;\">A Anemia e a Ferrop\u00e9nia na mulher s\u00e3o um problema de sa\u00fade p\u00fablica.<\/p>\n","protected":false},"excerpt":{"rendered":"<p style=\"text-align: justify;\">O curso &#8220;Anemia e Ferrop\u00e9nia na Mulher&#8221; aborda uma das situa\u00e7\u00f5es clinicas mais frequentes na mulher, quer em idade f\u00e9rtil, quer p\u00f3s-menopausa.<\/p>\n<p style=\"text-align: justify;\">Para al\u00e9m de sub-diagn\u00f3sticada a Anemia e a Ferrop\u00e9nia, s\u00e3o sub-valorizadas e consequentemente n\u00e3o tratadas.<\/p>\n<p style=\"text-align: justify;\">Portugal apresenta uma preval\u00eancia da Anemia e da Ferrop\u00e9nia na mulher gr\u00e1vida muito superior \u00e1 m\u00e9dia dos outros pa\u00edses europeus, tendo valores de preval\u00eancia id\u00eanticos aos pa\u00edses subdesenvolvidos em \u00c1frica, sudueste Asi\u00e1tico e Mediterr\u00e2neo Oriental.<\/p>\n<p style=\"text-align: justify;\">A Anemia e a Ferrop\u00e9nia na mulher s\u00e3o um problema de sa\u00fade p\u00fablica.<\/p>\n","protected":false},"featured_media":19136,"comment_status":"open","ping_status":"closed","template":"","meta":{"site-sidebar-layout":"default","site-content-layout":"default","ast-site-content-layout":"default","site-content-style":"default","site-sidebar-style":"default","ast-global-header-display":"","ast-banner-title-visibility":"","ast-main-header-display":"","ast-hfb-above-header-display":"","ast-hfb-below-header-display":"","ast-hfb-mobile-header-display":"","site-post-title":"","ast-breadcrumbs-content":"","ast-featured-img":"","footer-sml-layout":"","ast-disable-related-posts":"","theme-transparent-header-meta":"default","adv-header-id-meta":"","stick-header-meta":"","header-above-stick-meta":"","header-main-stick-meta":"","header-below-stick-meta":"","astra-migrate-meta-layouts":"default","ast-page-background-enabled":"default","ast-page-background-meta":{"desktop":{"background-color":"var(--ast-global-color-4)","background-image":"","background-repeat":"repeat","background-position":"center center","background-size":"auto","background-attachment":"scroll","background-type":"","background-media":"","overlay-type":"","overlay-color":"","overlay-opacity":"","overlay-gradient":""},"tablet":{"background-color":"","background-image":"","background-repeat":"repeat","background-position":"center center","background-size":"auto","background-attachment":"scroll","background-type":"","background-media":"","overlay-type":"","overlay-color":"","overlay-opacity":"","overlay-gradient":""},"mobile":{"background-color":"","background-image":"","background-repeat":"repeat","background-position":"center center","background-size":"auto","background-attachment":"scroll","background-type":"","background-media":"","overlay-type":"","overlay-color":"","overlay-opacity":"","overlay-gradient":""}},"ast-content-background-meta":{"desktop":{"background-color":"var(--ast-global-color-5)","background-image":"","background-repeat":"repeat","background-position":"center center","background-size":"auto","background-attachment":"scroll","background-type":"","background-media":"","overlay-type":"","overlay-color":"","overlay-opacity":"","overlay-gradient":""},"tablet":{"background-color":"var(--ast-global-color-5)","background-image":"","background-repeat":"repeat","background-position":"center center","background-size":"auto","background-attachment":"scroll","background-type":"","background-media":"","overlay-type":"","overlay-color":"","overlay-opacity":"","overlay-gradient":""},"mobile":{"background-color":"var(--ast-global-color-5)","background-image":"","background-repeat":"repeat","background-position":"center center","background-size":"auto","background-attachment":"scroll","background-type":"","background-media":"","overlay-type":"","overlay-color":"","overlay-opacity":"","overlay-gradient":""}}},"product_brand":[],"product_cat":[34],"product_tag":[43,44,35,36,45,46],"class_list":{"0":"post-3634","1":"product","2":"type-product","3":"status-publish","4":"has-post-thumbnail","6":"product_cat-basic","7":"product_tag-gin-obs","8":"product_tag-ginecologia","9":"product_tag-hematologia","10":"product_tag-imunohemoterapia","11":"product_tag-med-geral-familiar","12":"product_tag-pat-clinica","13":"desktop-align-left","14":"tablet-align-left","15":"mobile-align-left","17":"first","18":"instock","19":"downloadable","20":"virtual","21":"sold-individually","22":"taxable","23":"purchasable","24":"product-type-simple"},"_links":{"self":[{"href":"https:\/\/saudevirtual.pt\/aprendersaude\/wp-json\/wp\/v2\/product\/3634","targetHints":{"allow":["GET"]}}],"collection":[{"href":"https:\/\/saudevirtual.pt\/aprendersaude\/wp-json\/wp\/v2\/product"}],"about":[{"href":"https:\/\/saudevirtual.pt\/aprendersaude\/wp-json\/wp\/v2\/types\/product"}],"replies":[{"embeddable":true,"href":"https:\/\/saudevirtual.pt\/aprendersaude\/wp-json\/wp\/v2\/comments?post=3634"}],"wp:featuredmedia":[{"embeddable":true,"href":"https:\/\/saudevirtual.pt\/aprendersaude\/wp-json\/wp\/v2\/media\/19136"}],"wp:attachment":[{"href":"https:\/\/saudevirtual.pt\/aprendersaude\/wp-json\/wp\/v2\/media?parent=3634"}],"wp:term":[{"taxonomy":"product_brand","embeddable":true,"href":"https:\/\/saudevirtual.pt\/aprendersaude\/wp-json\/wp\/v2\/product_brand?post=3634"},{"taxonomy":"product_cat","embeddable":true,"href":"https:\/\/saudevirtual.pt\/aprendersaude\/wp-json\/wp\/v2\/product_cat?post=3634"},{"taxonomy":"product_tag","embeddable":true,"href":"https:\/\/saudevirtual.pt\/aprendersaude\/wp-json\/wp\/v2\/product_tag?post=3634"}],"curies":[{"name":"wp","href":"https:\/\/api.w.org\/{rel}","templated":true}]}}