{"id":3,"date":"2022-09-01T14:25:24","date_gmt":"2022-09-01T14:25:24","guid":{"rendered":"https:\/\/lagaresbernardos.pt\/?page_id=3"},"modified":"2022-11-05T23:35:42","modified_gmt":"2022-11-05T23:35:42","slug":"privacy-policy","status":"publish","type":"page","link":"https:\/\/saudevirtual.pt\/aprendersaude\/privacy-policy\/","title":{"rendered":"Pol\u00edtica de Privacidade"},"content":{"rendered":"\r\n<h4 class=\"wp-block-heading\"><strong>Quem Somos?<\/strong><\/h4>\r\n<p>A <strong>Aprender Sa\u00fade<\/strong><strong><sup>\u00ae<\/sup><\/strong> \u00e9 uma empresa digital, direcionada para o setor da sa\u00fade na \u00e1rea da forma\u00e7\u00e3o. Procuramos garantir forma\u00e7\u00f5es que realizem a satisfa\u00e7\u00e3o dos nossos clientes, atrav\u00e9s de uma plataforma simples e funcional.<\/p>\r\n<h4><strong>Prote\u00e7\u00e3o de Dados<\/strong><\/h4>\r\n<p>Os dados pessoais existentes nos diversos sistemas inform\u00e1ticos e bases de dados da Aprender Sa\u00fade<strong><sup>\u00ae<\/sup><\/strong> foram recolhidos atrav\u00e9s de rela\u00e7\u00f5es contratuais e interven\u00e7\u00f5es profissionais entre a Aprender Sa\u00fade<strong><sup>\u00ae<\/sup><\/strong> os seus clientes. Estes ser\u00e3o utilizados para os fins referidos anteriormente e para o envio de campanhas promocionais e informativas via email. Poder\u00e1 anular os seus dados pessoais das nossas bases de dados, no momento que considere oportuno, desde que exprima essa vontade via email para aprendersaude@saudevirtual.pt<\/p>\r\n<p>Atualmente, a Aprender Sa\u00fade<strong><sup>\u00ae<\/sup><\/strong> rege-se pelo cumprimento da Lei em vigor, ou seja, a Lei 67\/98, de 26 de outubro, retificada pela Lei n.\u00ba 103\/2015, de 24\/08. Ap\u00f3s o dia 25 de maio de 2018, passar\u00e1 a ser aplicado o Regulamento Geral de Prote\u00e7\u00e3o de Dados Pessoais (RPGD) n.\u00ba 2016\/679 do Parlamento Europeu e do Conselho Europeu, de 27 de abril de 2016, que estabelece e normaliza o tratamento e a prote\u00e7\u00e3o dos dados pessoais.<\/p>\r\n<p>Esta empresa garante-lhe que os seus dados pessoais n\u00e3o ser\u00e3o cedidos a outras empresas, nem de alguma forma comercializados com outras entidades. Por outro lado, a Aprender sa\u00fade n\u00e3o lhe poder\u00e1 garantir o sigilo dos seus dados pessoais transmitidos via email. Quando armazenados, os seus dados pessoais estar\u00e3o protegidos dentro de meios comercialmente aceit\u00e1veis para evitar perdas e roubos, bem como o acesso, divulga\u00e7\u00e3o, c\u00f3pia, uso ou modifica\u00e7\u00e3o n\u00e3o autorizados. A conserva\u00e7\u00e3o dos seus dados pessoais ser\u00e1 realizada pelo per\u00edodo necess\u00e1rio \u00e0 presta\u00e7\u00e3o de servi\u00e7os, ao cumprimento das obriga\u00e7\u00f5es legais e para efeitos de marketing \u201crelacionado com a \u00e1rea de atividade\u201d.<\/p>\r\n<h4><strong>Quais S\u00e3o Dados Pessoais Protegidos?<\/strong><\/h4>\r\n<p>Atualmente, a Aprender Sa\u00fade recolhe dados pessoais essenciais a fim de realizar uma comunica\u00e7\u00e3o eficaz como os seus clientes e garantir-lhe uma satisfa\u00e7\u00e3o acrescida dos seus servi\u00e7os. Nomeadamente:<\/p>\r\n<ul>\r\n<li>Nome: essencial para identificar cliente e o pedido relacionado.<\/li>\r\n<li>Morada: essencial para o envio de mercadoria.<\/li>\r\n<li>Email: essencial para contactar o cliente em caso de necessidade.<\/li>\r\n<li>Contacto Telef\u00f3nico: essencial para informar ou pedir informa\u00e7\u00f5es espec\u00edficas sobre o pedido.<\/li>\r\n<\/ul>\r\n<h4><strong>Como Protegemos os Seus Dados?<\/strong><\/h4>\r\n<p>Os seus dados pessoais est\u00e3o guardados num espa\u00e7o virtual onde unicamente o respons\u00e1vel pela base de dados e pessoas destinadas \u00e0 sua utiliza\u00e7\u00e3o t\u00eam acesso, estando a Aprender Sa\u00fade<strong><sup>\u00ae<\/sup><\/strong> protegida em conformidade Lei em vigor.<\/p>\r\n<p>N\u00e3o ser\u00e1 utilizada nenhuma t\u00e9cnica adicional para obter os seus dados pessoais e informa\u00e7\u00e3o extraordin\u00e1ria. Para al\u00e9m disso, a Aprender Sa\u00fade garante que n\u00e3o altera nem modifica os dados pessoais existentes na sua base de dados. Este website tem implementado pol\u00edticas de seguran\u00e7a e medidas t\u00e9cnicas de forma a proteger os seus dados. A aplica\u00e7\u00e3o destas medidas previne acessos n\u00e3o autorizados, utiliza\u00e7\u00f5es impr\u00f3prias, modifica\u00e7\u00f5es n\u00e3o autorizadas e destrui\u00e7\u00e3o ou perdas acidentais e l\u00edcitas.<\/p>\r\n<h4><strong>Gest\u00e3o dos Dados Pessoais<\/strong><\/h4>\r\n<p>Os seus dados pessoais ser\u00e3o apenas recolhidos com o seu consentimento expl\u00edcito e a sua utiliza\u00e7\u00e3o destina-se apenas \u00e0 comunica\u00e7\u00e3o entre consumidor e empresa, e para envio de campanhas de email marketing.<\/p>\r\n<h4><strong>Direitos de Autor<\/strong><\/h4>\r\n<p>Os conte\u00fados, imagens e v\u00eddeos presentes neste website foram produzidos internamente ou com recurso a uma empresa terceira. Sendo essencial referir que quaisquer modifica\u00e7\u00f5es ou c\u00f3pia integral deste website ser\u00e3o conden\u00e1veis. Nesse sentido, deve ser referido que a Aprender Sa\u00fade<strong><sup>\u00ae<\/sup><\/strong> est\u00e1 totalmente protegida pela Lei Portuguesa e internacional sobre a prote\u00e7\u00e3o de dados, prote\u00e7\u00e3o de autor e prote\u00e7\u00e3o de intelectualidade.<\/p>\r\n<p>Caso seja encontrada uma c\u00f3pia integral ou parcial deste website, a Aprender Sa\u00fade<strong><sup>\u00ae<\/sup><\/strong> utilizar\u00e1 todos os meios e ferramentas dispon\u00edveis para condenar as infra\u00e7\u00f5es. Para al\u00e9m disso, reserva-se ao direito de n\u00e3o aceitar campanhas ou an\u00fancios publicit\u00e1rios de empresas terceiras. Esta empresa poder\u00e1 usufruir do direito de modificar quaisquer textos, imagens ou v\u00eddeos no website, sempre que considere oportuno ou desej\u00e1vel.<\/p>\r\n<h4><strong>Email Marketing<\/strong><\/h4>\r\n<p>Ao realizar a inscri\u00e7\u00e3o na nossa newsletter, est\u00e1 a dar o seu consentimento, de forma volunt\u00e1ria, para a utiliza\u00e7\u00e3o dos seus dados e \u00a0para receber campanhas de marketing realizadas pela Aprender Sa\u00fade<strong><sup>\u00ae<\/sup><\/strong> . Para cancelar esse mesmo recebimento, basta clicar no final da newsletter ou enviar um email a solicitar o cancelamento atrav\u00e9s de aprendersaude@saudevirtual.pt<\/p>\r\n<h4><strong>Sistemas de Links<\/strong><\/h4>\r\n<p>O sistema de links que est\u00e1 a ser utilizado no website (links internos e externos) visa facilitar e aperfei\u00e7oar a navega\u00e7\u00e3o e direcionar melhor o utilizador para o que necessita. Esta empresa n\u00e3o pode assumir, de todo, quaisquer tipos de responsabilidade sobre os problemas resultantes dos links externos.<\/p>\r\n<h4><strong>O que s\u00e3o Cookies?<\/strong><\/h4>\r\n<p>Os cookies s\u00e3o pequenas etiquetas de software que s\u00e3o armazenadas nos equipamentos de acesso atrav\u00e9s do navegador (browsers), sendo retida essa informa\u00e7\u00e3o que est\u00e1 inteiramente relacionada com as suas prefer\u00eancias, incluindo os dados pessoais.<\/p>\r\n<h4><strong>Cookies Utilizados<\/strong><\/h4>\r\n<p>Esta Plataforma utiliza um conjunto de cookies de forma a permitir um melhor desempenho e experi\u00eancia para o utilizador. Cada cookie armazenado \u00e9 \u00fanico e cont\u00e9m informa\u00e7\u00e3o an\u00f3nima. Assim, os cookies t\u00eam como principal fun\u00e7\u00e3o determinar a utilidade, interesse e n\u00famero de utilizadores que frequentam o nosso website, de forma a permitir uma navega\u00e7\u00e3o mais r\u00e1pida e eficiente, eliminando a necessidade de inserir informa\u00e7\u00f5es repetidas. Atualmente este site utiliza os seguintes cookies:<\/p>\r\n<ul>\r\n<li>Cookies estritamente necess\u00e1rios: permitem que o utilizador navegue no website e utilize as suas aplica\u00e7\u00f5es, bem como aceder a \u00e1reas de seguran\u00e7a do website.<\/li>\r\n<li>Cookies anal\u00edticos: permitem que a empresa tenha conhecimento de alguns dados informativos de forma a que consiga melhorar a performance do seu website.<\/li>\r\n<li>Cookies de publicidade: permitem direcionar as campanhas de marketing realizadas em fun\u00e7\u00e3o dos interesses de cada um dos utilizadores. Para al\u00e9m disso, limitam a campanha e ajudam a medir a efic\u00e1cia da campanha.<\/li>\r\n<\/ul>\r\n<p>A aceita\u00e7\u00e3o ou a desativa\u00e7\u00e3o dos cookies poder\u00e3o ser realizadas a qualquer momento. Contudo, \u00e9 essencial ter o conhecimento que essa desativa\u00e7\u00e3o ir\u00e1 criar alguns problemas de navega\u00e7\u00e3o e coer\u00eancia gr\u00e1fica. Recomendamos aos navegadores que guardem os cookies e por sua vez alguns dados pessoais, sob os quais n\u00e3o podemos assumir qualquer responsabilidade.<\/p>\r\n<p>&nbsp;<\/p>\r\n","protected":false},"excerpt":{"rendered":"<p>Quem Somos? A Aprender Sa\u00fade\u00ae \u00e9 uma empresa digital, direcionada para o setor da sa\u00fade na \u00e1rea da forma\u00e7\u00e3o. Procuramos garantir forma\u00e7\u00f5es que realizem a satisfa\u00e7\u00e3o dos nossos clientes, atrav\u00e9s de uma plataforma simples e funcional. Prote\u00e7\u00e3o de Dados Os dados pessoais existentes nos diversos sistemas inform\u00e1ticos e bases de dados da Aprender Sa\u00fade\u00ae foram [&hellip;]<\/p>\n","protected":false},"author":1,"featured_media":0,"parent":0,"menu_order":0,"comment_status":"closed","ping_status":"open","template":"","meta":{"site-sidebar-layout":"default","site-content-layout":"","ast-site-content-layout":"default","site-content-style":"default","site-sidebar-style":"default","ast-global-header-display":"","ast-banner-title-visibility":"","ast-main-header-display":"","ast-hfb-above-header-display":"","ast-hfb-below-header-display":"","ast-hfb-mobile-header-display":"","site-post-title":"","ast-breadcrumbs-content":"","ast-featured-img":"","footer-sml-layout":"","ast-disable-related-posts":"","theme-transparent-header-meta":"","adv-header-id-meta":"","stick-header-meta":"","header-above-stick-meta":"","header-main-stick-meta":"","header-below-stick-meta":"","astra-migrate-meta-layouts":"default","ast-page-background-enabled":"default","ast-page-background-meta":{"desktop":{"background-color":"var(--ast-global-color-4)","background-image":"","background-repeat":"repeat","background-position":"center center","background-size":"auto","background-attachment":"scroll","background-type":"","background-media":"","overlay-type":"","overlay-color":"","overlay-opacity":"","overlay-gradient":""},"tablet":{"background-color":"","background-image":"","background-repeat":"repeat","background-position":"center center","background-size":"auto","background-attachment":"scroll","background-type":"","background-media":"","overlay-type":"","overlay-color":"","overlay-opacity":"","overlay-gradient":""},"mobile":{"background-color":"","background-image":"","background-repeat":"repeat","background-position":"center center","background-size":"auto","background-attachment":"scroll","background-type":"","background-media":"","overlay-type":"","overlay-color":"","overlay-opacity":"","overlay-gradient":""}},"ast-content-background-meta":{"desktop":{"background-color":"var(--ast-global-color-5)","background-image":"","background-repeat":"repeat","background-position":"center center","background-size":"auto","background-attachment":"scroll","background-type":"","background-media":"","overlay-type":"","overlay-color":"","overlay-opacity":"","overlay-gradient":""},"tablet":{"background-color":"var(--ast-global-color-5)","background-image":"","background-repeat":"repeat","background-position":"center center","background-size":"auto","background-attachment":"scroll","background-type":"","background-media":"","overlay-type":"","overlay-color":"","overlay-opacity":"","overlay-gradient":""},"mobile":{"background-color":"var(--ast-global-color-5)","background-image":"","background-repeat":"repeat","background-position":"center center","background-size":"auto","background-attachment":"scroll","background-type":"","background-media":"","overlay-type":"","overlay-color":"","overlay-opacity":"","overlay-gradient":""}},"footnotes":""},"class_list":["post-3","page","type-page","status-publish","hentry"],"_links":{"self":[{"href":"https:\/\/saudevirtual.pt\/aprendersaude\/wp-json\/wp\/v2\/pages\/3","targetHints":{"allow":["GET"]}}],"collection":[{"href":"https:\/\/saudevirtual.pt\/aprendersaude\/wp-json\/wp\/v2\/pages"}],"about":[{"href":"https:\/\/saudevirtual.pt\/aprendersaude\/wp-json\/wp\/v2\/types\/page"}],"author":[{"embeddable":true,"href":"https:\/\/saudevirtual.pt\/aprendersaude\/wp-json\/wp\/v2\/users\/1"}],"replies":[{"embeddable":true,"href":"https:\/\/saudevirtual.pt\/aprendersaude\/wp-json\/wp\/v2\/comments?post=3"}],"version-history":[{"count":0,"href":"https:\/\/saudevirtual.pt\/aprendersaude\/wp-json\/wp\/v2\/pages\/3\/revisions"}],"wp:attachment":[{"href":"https:\/\/saudevirtual.pt\/aprendersaude\/wp-json\/wp\/v2\/media?parent=3"}],"curies":[{"name":"wp","href":"https:\/\/api.w.org\/{rel}","templated":true}]}}