{"id":103,"date":"2022-10-26T10:27:02","date_gmt":"2022-10-26T10:27:02","guid":{"rendered":"https:\/\/saudevirtual.pt\/aprendersaude\/?page_id=103"},"modified":"2022-10-26T10:39:13","modified_gmt":"2022-10-26T10:39:13","slug":"aprender-saude","status":"publish","type":"page","link":"https:\/\/saudevirtual.pt\/aprendersaude\/aprender-saude\/","title":{"rendered":"Aprender Sa\u00fade"},"content":{"rendered":"\t\t<div data-elementor-type=\"wp-page\" data-elementor-id=\"103\" class=\"elementor elementor-103\">\n\t\t\t\t\t\t<section class=\"elementor-section elementor-top-section elementor-element elementor-element-12ff61e elementor-section-boxed elementor-section-height-default elementor-section-height-default\" data-id=\"12ff61e\" data-element_type=\"section\">\n\t\t\t\t\t\t<div class=\"elementor-container elementor-column-gap-default\">\n\t\t\t\t\t<div class=\"elementor-column elementor-col-100 elementor-top-column elementor-element elementor-element-e58ee9c\" data-id=\"e58ee9c\" data-element_type=\"column\">\n\t\t\t<div class=\"elementor-widget-wrap elementor-element-populated\">\n\t\t\t\t\t\t<div class=\"elementor-element elementor-element-1db0849 elementor-widget elementor-widget-heading\" data-id=\"1db0849\" data-element_type=\"widget\" data-widget_type=\"heading.default\">\n\t\t\t\t<div class=\"elementor-widget-container\">\n\t\t\t\t\t<h2 class=\"elementor-heading-title elementor-size-default\">Aprender Sa\u00fade <\/h2>\t\t\t\t<\/div>\n\t\t\t\t<\/div>\n\t\t\t\t\t<\/div>\n\t\t<\/div>\n\t\t\t\t\t<\/div>\n\t\t<\/section>\n\t\t\t\t<section class=\"elementor-section elementor-top-section elementor-element elementor-element-b563c5b elementor-section-boxed elementor-section-height-default elementor-section-height-default\" data-id=\"b563c5b\" data-element_type=\"section\">\n\t\t\t\t\t\t<div class=\"elementor-container elementor-column-gap-default\">\n\t\t\t\t\t<div class=\"elementor-column elementor-col-100 elementor-top-column elementor-element elementor-element-5a2a608\" data-id=\"5a2a608\" data-element_type=\"column\">\n\t\t\t<div class=\"elementor-widget-wrap elementor-element-populated\">\n\t\t\t\t\t\t<div class=\"elementor-element elementor-element-bea28ef elementor-widget elementor-widget-text-editor\" data-id=\"bea28ef\" data-element_type=\"widget\" data-widget_type=\"text-editor.default\">\n\t\t\t\t<div class=\"elementor-widget-container\">\n\t\t\t\t\t\t\t\t\t<p>O Aprender Sa\u00fade\u00ae \u00e9 uma plataforma de forma\u00e7\u00e3o online, um canal de comunica\u00e7\u00e3o online que permite fornecer conte\u00fados de qualidade com informa\u00e7\u00f5es actualizadas de forma organizada.<\/p>\t\t\t\t\t\t\t\t<\/div>\n\t\t\t\t<\/div>\n\t\t\t\t<div class=\"elementor-element elementor-element-1e7b239 elementor-widget elementor-widget-spacer\" data-id=\"1e7b239\" data-element_type=\"widget\" data-widget_type=\"spacer.default\">\n\t\t\t\t<div class=\"elementor-widget-container\">\n\t\t\t\t\t\t\t<div class=\"elementor-spacer\">\n\t\t\t<div class=\"elementor-spacer-inner\"><\/div>\n\t\t<\/div>\n\t\t\t\t\t\t<\/div>\n\t\t\t\t<\/div>\n\t\t\t\t\t<\/div>\n\t\t<\/div>\n\t\t\t\t\t<\/div>\n\t\t<\/section>\n\t\t\t\t<section class=\"elementor-section elementor-top-section elementor-element elementor-element-beff416 elementor-section-boxed elementor-section-height-default elementor-section-height-default\" data-id=\"beff416\" data-element_type=\"section\">\n\t\t\t\t\t\t<div class=\"elementor-container elementor-column-gap-default\">\n\t\t\t\t\t<div class=\"elementor-column elementor-col-33 elementor-top-column elementor-element elementor-element-e137f27\" data-id=\"e137f27\" data-element_type=\"column\">\n\t\t\t<div class=\"elementor-widget-wrap elementor-element-populated\">\n\t\t\t\t\t\t<div class=\"elementor-element elementor-element-dce8cc4 elementor-widget elementor-widget-heading\" data-id=\"dce8cc4\" data-element_type=\"widget\" data-widget_type=\"heading.default\">\n\t\t\t\t<div class=\"elementor-widget-container\">\n\t\t\t\t\t<h2 class=\"elementor-heading-title elementor-size-default\">Miss\u00e3o<\/h2>\t\t\t\t<\/div>\n\t\t\t\t<\/div>\n\t\t\t\t<div class=\"elementor-element elementor-element-68b4e3b elementor-widget elementor-widget-text-editor\" data-id=\"68b4e3b\" data-element_type=\"widget\" data-widget_type=\"text-editor.default\">\n\t\t\t\t<div class=\"elementor-widget-container\">\n\t\t\t\t\t\t\t\t\t<p>\u00c9 nossa miss\u00e3o oferecermos as informa\u00e7\u00f5es mais atuais, possibilitar de forma f\u00e1cil a melhor forma\u00e7\u00e3o cient\u00edfica, e melhorar o conhecimento no campo da sa\u00fade, dos profissionais a que eles acedam.<\/p>\t\t\t\t\t\t\t\t<\/div>\n\t\t\t\t<\/div>\n\t\t\t\t\t<\/div>\n\t\t<\/div>\n\t\t\t\t<div class=\"elementor-column elementor-col-33 elementor-top-column elementor-element elementor-element-7d51e69\" data-id=\"7d51e69\" data-element_type=\"column\">\n\t\t\t<div class=\"elementor-widget-wrap elementor-element-populated\">\n\t\t\t\t\t\t<div class=\"elementor-element elementor-element-3057c89 elementor-widget elementor-widget-heading\" data-id=\"3057c89\" data-element_type=\"widget\" data-widget_type=\"heading.default\">\n\t\t\t\t<div class=\"elementor-widget-container\">\n\t\t\t\t\t<h2 class=\"elementor-heading-title elementor-size-default\">Vis\u00e3o<\/h2>\t\t\t\t<\/div>\n\t\t\t\t<\/div>\n\t\t\t\t<div class=\"elementor-element elementor-element-2e19ae0 elementor-widget elementor-widget-text-editor\" data-id=\"2e19ae0\" data-element_type=\"widget\" data-widget_type=\"text-editor.default\">\n\t\t\t\t<div class=\"elementor-widget-container\">\n\t\t\t\t\t\t\t\t\t<p>Ser reconhecida como o mais relevante plataforma online para forma\u00e7\u00e3o de profissionais de sa\u00fade, oferecendo um produto inovador, que atende aos mais altos padr\u00f5es de qualidade.<\/p>\t\t\t\t\t\t\t\t<\/div>\n\t\t\t\t<\/div>\n\t\t\t\t\t<\/div>\n\t\t<\/div>\n\t\t\t\t<div class=\"elementor-column elementor-col-33 elementor-top-column elementor-element elementor-element-79d929c\" data-id=\"79d929c\" data-element_type=\"column\">\n\t\t\t<div class=\"elementor-widget-wrap elementor-element-populated\">\n\t\t\t\t\t\t<div class=\"elementor-element elementor-element-6b43aca elementor-widget elementor-widget-heading\" data-id=\"6b43aca\" data-element_type=\"widget\" data-widget_type=\"heading.default\">\n\t\t\t\t<div class=\"elementor-widget-container\">\n\t\t\t\t\t<h2 class=\"elementor-heading-title elementor-size-default\">Valores<\/h2>\t\t\t\t<\/div>\n\t\t\t\t<\/div>\n\t\t\t\t<div class=\"elementor-element elementor-element-d2ba0b2 elementor-widget elementor-widget-text-editor\" data-id=\"d2ba0b2\" data-element_type=\"widget\" data-widget_type=\"text-editor.default\">\n\t\t\t\t<div class=\"elementor-widget-container\">\n\t\t\t\t\t\t\t\t\t<p>Regemo-nos pelos mais altos padr\u00f5es \u00e9ticos. O relacionamento com os nossos parceiros e clientes \u00e9 transparente e baseado em confian\u00e7a, respeito e comunica\u00e7\u00e3o clara e precisa.<\/p><p>\u00a0<\/p>\t\t\t\t\t\t\t\t<\/div>\n\t\t\t\t<\/div>\n\t\t\t\t\t<\/div>\n\t\t<\/div>\n\t\t\t\t\t<\/div>\n\t\t<\/section>\n\t\t\t\t<section class=\"elementor-section elementor-top-section elementor-element elementor-element-5087376 elementor-section-boxed elementor-section-height-default elementor-section-height-default\" data-id=\"5087376\" data-element_type=\"section\">\n\t\t\t\t\t\t<div class=\"elementor-container elementor-column-gap-default\">\n\t\t\t\t\t<div class=\"elementor-column elementor-col-100 elementor-top-column elementor-element elementor-element-5ec739c\" data-id=\"5ec739c\" data-element_type=\"column\">\n\t\t\t<div class=\"elementor-widget-wrap elementor-element-populated\">\n\t\t\t\t\t\t<div class=\"elementor-element elementor-element-1538c5a elementor-widget elementor-widget-spacer\" data-id=\"1538c5a\" data-element_type=\"widget\" data-widget_type=\"spacer.default\">\n\t\t\t\t<div class=\"elementor-widget-container\">\n\t\t\t\t\t\t\t<div class=\"elementor-spacer\">\n\t\t\t<div class=\"elementor-spacer-inner\"><\/div>\n\t\t<\/div>\n\t\t\t\t\t\t<\/div>\n\t\t\t\t<\/div>\n\t\t\t\t<div class=\"elementor-element elementor-element-6c884cc elementor-widget elementor-widget-toggle\" data-id=\"6c884cc\" data-element_type=\"widget\" data-widget_type=\"toggle.default\">\n\t\t\t\t<div class=\"elementor-widget-container\">\n\t\t\t\t\t\t\t<div class=\"elementor-toggle\">\n\t\t\t\t\t\t\t<div class=\"elementor-toggle-item\">\n\t\t\t\t\t<div id=\"elementor-tab-title-1131\" class=\"elementor-tab-title\" data-tab=\"1\" role=\"button\" aria-controls=\"elementor-tab-content-1131\" aria-expanded=\"false\">\n\t\t\t\t\t\t\t\t\t\t\t\t<span class=\"elementor-toggle-icon elementor-toggle-icon-left\" aria-hidden=\"true\">\n\t\t\t\t\t\t\t\t\t\t\t\t\t\t\t<span class=\"elementor-toggle-icon-closed\"><i class=\"fas fa-caret-right\"><\/i><\/span>\n\t\t\t\t\t\t\t\t<span class=\"elementor-toggle-icon-opened\"><i class=\"elementor-toggle-icon-opened fas fa-caret-up\"><\/i><\/span>\n\t\t\t\t\t\t\t\t\t\t\t\t\t<\/span>\n\t\t\t\t\t\t\t\t\t\t\t\t<a class=\"elementor-toggle-title\" tabindex=\"0\">Porqu\u00ea Aprender Sa\u00fade\u00ae?<\/a>\n\t\t\t\t\t<\/div>\n\n\t\t\t\t\t<div id=\"elementor-tab-content-1131\" class=\"elementor-tab-content elementor-clearfix\" data-tab=\"1\" role=\"region\" aria-labelledby=\"elementor-tab-title-1131\"><p>A origem deste projeto deve-se a um conjunto de necessidades identificadas e mudan\u00e7as que mudaram o paradigma da forma\u00e7\u00e3o na \u00e1rea da sa\u00fade em Portugal, tais como:<\/p><p>\u00a0 \u2013 A constante evolu\u00e7\u00e3o do conhecimento cient\u00edfico em diferentes \u00e1reas da medicina;<\/p><p>\u00a0 \u2013 A constante necessidade de atualizar o conhecimento dos profissionais de sa\u00fade;<\/p><p>\u00a0 \u2013 A falta de disponibilidade desses profissionais para participar de conven\u00e7\u00f5es e reuni\u00f5es;<\/p><p>\u00a0 \u2013 Os elevados custos associados \u00e0 forma\u00e7\u00e3o em confer\u00eancias e reuni\u00f5es.<\/p><p>\u00a0<\/p><p>O objetivo do projeto \u00e9:<\/p><p>\u00a0 \u2013 Oferecer de forma f\u00e1cil e intuitiva, conte\u00fados atuais e relevantes para a pr\u00e1tica m\u00e9dica;<\/p><p>\u00a0 \u2013 Capacitar e treinar profissionais de sa\u00fade sem necessidade de sair do seu local de trabalho;<\/p><p>\u00a0 \u2013 Reduzir os custos da forma\u00e7\u00e3o em sa\u00fade e alargar um universo de participantes, eliminando as barreiras geogr\u00e1ficas.<\/p><p>\u00a0<\/p><p>Para os prop\u00f3sitos de:<\/p><p>\u00a0 \u2013 Melhorar a quantidade e a qualidade da forma\u00e7\u00e3o dos profissionais de sa\u00fade.<\/p><p>\u00a0 \u2013 Habilitar diagn\u00f3sticos mais r\u00e1pidos e confi\u00e1veis.<\/p><p>\u00a0 \u2013 Acelerar o encaminhamento adequado de pacientes para especialistas.<\/p><p>\u00a0 \u2013 E como objetivo final de permitir aos doentes tratamentos precoces.<\/p><\/div>\n\t\t\t\t<\/div>\n\t\t\t\t\t\t\t<div class=\"elementor-toggle-item\">\n\t\t\t\t\t<div id=\"elementor-tab-title-1132\" class=\"elementor-tab-title\" data-tab=\"2\" role=\"button\" aria-controls=\"elementor-tab-content-1132\" aria-expanded=\"false\">\n\t\t\t\t\t\t\t\t\t\t\t\t<span class=\"elementor-toggle-icon elementor-toggle-icon-left\" aria-hidden=\"true\">\n\t\t\t\t\t\t\t\t\t\t\t\t\t\t\t<span class=\"elementor-toggle-icon-closed\"><i class=\"fas fa-caret-right\"><\/i><\/span>\n\t\t\t\t\t\t\t\t<span class=\"elementor-toggle-icon-opened\"><i class=\"elementor-toggle-icon-opened fas fa-caret-up\"><\/i><\/span>\n\t\t\t\t\t\t\t\t\t\t\t\t\t<\/span>\n\t\t\t\t\t\t\t\t\t\t\t\t<a class=\"elementor-toggle-title\" tabindex=\"0\">Quem pode utilizar Aprender Sa\u00fade\u00ae?<\/a>\n\t\t\t\t\t<\/div>\n\n\t\t\t\t\t<div id=\"elementor-tab-content-1132\" class=\"elementor-tab-content elementor-clearfix\" data-tab=\"2\" role=\"region\" aria-labelledby=\"elementor-tab-title-1132\"><p>O conte\u00fado da plataforma Aprender Sa\u00fade\u00ae \u00e9 destinado exclusivamente a profissionais de sa\u00fade \u2013 m\u00e9dicos, farmac\u00eauticos, enfermeiros e outros t\u00e9cnicos de sa\u00fade \u2013 e o registo de utilizadores \u00e9 essencial para aceder as informa\u00e7\u00f5es fornecidas pela plataforma.<\/p><p>Todos os dados fornecidos s\u00e3o protegidos pela nossa pol\u00edtica de privacidade e leis de privacidade aplic\u00e1veis.<\/p><\/div>\n\t\t\t\t<\/div>\n\t\t\t\t\t\t\t<div class=\"elementor-toggle-item\">\n\t\t\t\t\t<div id=\"elementor-tab-title-1133\" class=\"elementor-tab-title\" data-tab=\"3\" role=\"button\" aria-controls=\"elementor-tab-content-1133\" aria-expanded=\"false\">\n\t\t\t\t\t\t\t\t\t\t\t\t<span class=\"elementor-toggle-icon elementor-toggle-icon-left\" aria-hidden=\"true\">\n\t\t\t\t\t\t\t\t\t\t\t\t\t\t\t<span class=\"elementor-toggle-icon-closed\"><i class=\"fas fa-caret-right\"><\/i><\/span>\n\t\t\t\t\t\t\t\t<span class=\"elementor-toggle-icon-opened\"><i class=\"elementor-toggle-icon-opened fas fa-caret-up\"><\/i><\/span>\n\t\t\t\t\t\t\t\t\t\t\t\t\t<\/span>\n\t\t\t\t\t\t\t\t\t\t\t\t<a class=\"elementor-toggle-title\" tabindex=\"0\">Qual \u00e9 o conte\u00fado de Aprender Sa\u00fade\u00ae?<\/a>\n\t\t\t\t\t<\/div>\n\n\t\t\t\t\t<div id=\"elementor-tab-content-1133\" class=\"elementor-tab-content elementor-clearfix\" data-tab=\"3\" role=\"region\" aria-labelledby=\"elementor-tab-title-1133\"><p>Os conte\u00fados da plataforma Aprender Sa\u00fade\u00ae est\u00e3o na forma de cursos que s\u00e3o apresentados em formato de v\u00eddeo.<\/p><p>As aulas filmadas, apresentam na mesma janela, o instrutor e os slides que suportam a sua apresenta\u00e7\u00e3o, ou outros conte\u00fados que sejam relevantes para o tema apresentado.<\/p><\/div>\n\t\t\t\t<\/div>\n\t\t\t\t\t\t\t<div class=\"elementor-toggle-item\">\n\t\t\t\t\t<div id=\"elementor-tab-title-1134\" class=\"elementor-tab-title\" data-tab=\"4\" role=\"button\" aria-controls=\"elementor-tab-content-1134\" aria-expanded=\"false\">\n\t\t\t\t\t\t\t\t\t\t\t\t<span class=\"elementor-toggle-icon elementor-toggle-icon-left\" aria-hidden=\"true\">\n\t\t\t\t\t\t\t\t\t\t\t\t\t\t\t<span class=\"elementor-toggle-icon-closed\"><i class=\"fas fa-caret-right\"><\/i><\/span>\n\t\t\t\t\t\t\t\t<span class=\"elementor-toggle-icon-opened\"><i class=\"elementor-toggle-icon-opened fas fa-caret-up\"><\/i><\/span>\n\t\t\t\t\t\t\t\t\t\t\t\t\t<\/span>\n\t\t\t\t\t\t\t\t\t\t\t\t<a class=\"elementor-toggle-title\" tabindex=\"0\">Qual a estrutura do curso em Aprender Sa\u00fade\u00ae?<\/a>\n\t\t\t\t\t<\/div>\n\n\t\t\t\t\t<div id=\"elementor-tab-content-1134\" class=\"elementor-tab-content elementor-clearfix\" data-tab=\"4\" role=\"region\" aria-labelledby=\"elementor-tab-title-1134\"><p>Cada curso \u00e9 organizado em m\u00f3dulos e dividido em unidades de 10 a 20 minutos para facilitar a aquisi\u00e7\u00e3o dos conhecimentos, no tempo \u00fatil dispon\u00edvel do aluno.<\/p><p>Os cursos podem incluir um teste de diagn\u00f3stico inicial, exerc\u00edcios intermedi\u00e1rios e um teste final que, dependendo da avalia\u00e7\u00e3o, dar\u00e1 acesso a um certificado.<\/p><p>Os instrutores tamb\u00e9m podem fornecer material de suporte para download para cada curso, como por exemplo resumos e\/ou bibliografia.<\/p><\/div>\n\t\t\t\t<\/div>\n\t\t\t\t\t\t\t\t<\/div>\n\t\t\t\t\t\t<\/div>\n\t\t\t\t<\/div>\n\t\t\t\t<div class=\"elementor-element elementor-element-52ef405 elementor-widget elementor-widget-spacer\" data-id=\"52ef405\" data-element_type=\"widget\" data-widget_type=\"spacer.default\">\n\t\t\t\t<div class=\"elementor-widget-container\">\n\t\t\t\t\t\t\t<div class=\"elementor-spacer\">\n\t\t\t<div class=\"elementor-spacer-inner\"><\/div>\n\t\t<\/div>\n\t\t\t\t\t\t<\/div>\n\t\t\t\t<\/div>\n\t\t\t\t\t<\/div>\n\t\t<\/div>\n\t\t\t\t\t<\/div>\n\t\t<\/section>\n\t\t\t\t<\/div>\n\t\t","protected":false},"excerpt":{"rendered":"<p>Aprender Sa\u00fade O Aprender Sa\u00fade\u00ae \u00e9 uma plataforma de forma\u00e7\u00e3o online, um canal de comunica\u00e7\u00e3o online que permite fornecer conte\u00fados de qualidade com informa\u00e7\u00f5es actualizadas de forma organizada. Miss\u00e3o \u00c9 nossa miss\u00e3o oferecermos as informa\u00e7\u00f5es mais atuais, possibilitar de forma f\u00e1cil a melhor forma\u00e7\u00e3o cient\u00edfica, e melhorar o conhecimento no campo da sa\u00fade, dos profissionais [&hellip;]<\/p>\n","protected":false},"author":1,"featured_media":0,"parent":0,"menu_order":0,"comment_status":"closed","ping_status":"closed","template":"","meta":{"site-sidebar-layout":"default","site-content-layout":"","ast-site-content-layout":"default","site-content-style":"default","site-sidebar-style":"default","ast-global-header-display":"","ast-banner-title-visibility":"","ast-main-header-display":"","ast-hfb-above-header-display":"","ast-hfb-below-header-display":"","ast-hfb-mobile-header-display":"","site-post-title":"","ast-breadcrumbs-content":"","ast-featured-img":"","footer-sml-layout":"","ast-disable-related-posts":"","theme-transparent-header-meta":"","adv-header-id-meta":"","stick-header-meta":"","header-above-stick-meta":"","header-main-stick-meta":"","header-below-stick-meta":"","astra-migrate-meta-layouts":"default","ast-page-background-enabled":"default","ast-page-background-meta":{"desktop":{"background-color":"var(--ast-global-color-4)","background-image":"","background-repeat":"repeat","background-position":"center center","background-size":"auto","background-attachment":"scroll","background-type":"","background-media":"","overlay-type":"","overlay-color":"","overlay-opacity":"","overlay-gradient":""},"tablet":{"background-color":"","background-image":"","background-repeat":"repeat","background-position":"center center","background-size":"auto","background-attachment":"scroll","background-type":"","background-media":"","overlay-type":"","overlay-color":"","overlay-opacity":"","overlay-gradient":""},"mobile":{"background-color":"","background-image":"","background-repeat":"repeat","background-position":"center center","background-size":"auto","background-attachment":"scroll","background-type":"","background-media":"","overlay-type":"","overlay-color":"","overlay-opacity":"","overlay-gradient":""}},"ast-content-background-meta":{"desktop":{"background-color":"var(--ast-global-color-5)","background-image":"","background-repeat":"repeat","background-position":"center center","background-size":"auto","background-attachment":"scroll","background-type":"","background-media":"","overlay-type":"","overlay-color":"","overlay-opacity":"","overlay-gradient":""},"tablet":{"background-color":"var(--ast-global-color-5)","background-image":"","background-repeat":"repeat","background-position":"center center","background-size":"auto","background-attachment":"scroll","background-type":"","background-media":"","overlay-type":"","overlay-color":"","overlay-opacity":"","overlay-gradient":""},"mobile":{"background-color":"var(--ast-global-color-5)","background-image":"","background-repeat":"repeat","background-position":"center center","background-size":"auto","background-attachment":"scroll","background-type":"","background-media":"","overlay-type":"","overlay-color":"","overlay-opacity":"","overlay-gradient":""}},"footnotes":""},"class_list":["post-103","page","type-page","status-publish","hentry"],"_links":{"self":[{"href":"https:\/\/saudevirtual.pt\/aprendersaude\/wp-json\/wp\/v2\/pages\/103","targetHints":{"allow":["GET"]}}],"collection":[{"href":"https:\/\/saudevirtual.pt\/aprendersaude\/wp-json\/wp\/v2\/pages"}],"about":[{"href":"https:\/\/saudevirtual.pt\/aprendersaude\/wp-json\/wp\/v2\/types\/page"}],"author":[{"embeddable":true,"href":"https:\/\/saudevirtual.pt\/aprendersaude\/wp-json\/wp\/v2\/users\/1"}],"replies":[{"embeddable":true,"href":"https:\/\/saudevirtual.pt\/aprendersaude\/wp-json\/wp\/v2\/comments?post=103"}],"version-history":[{"count":0,"href":"https:\/\/saudevirtual.pt\/aprendersaude\/wp-json\/wp\/v2\/pages\/103\/revisions"}],"wp:attachment":[{"href":"https:\/\/saudevirtual.pt\/aprendersaude\/wp-json\/wp\/v2\/media?parent=103"}],"curies":[{"name":"wp","href":"https:\/\/api.w.org\/{rel}","templated":true}]}}